{"id":1470,"date":"2026-02-13T12:52:13","date_gmt":"2026-02-13T17:52:13","guid":{"rendered":"https:\/\/centrebresilquebec.org\/?page_id=1470"},"modified":"2026-02-15T12:00:15","modified_gmt":"2026-02-15T17:00:15","slug":"evenements","status":"publish","type":"page","link":"https:\/\/centrebresilquebec.org\/pt\/evenements\/","title":{"rendered":"Eventos"},"content":{"rendered":"\t\t<div data-elementor-type=\"wp-page\" data-elementor-id=\"1470\" class=\"elementor elementor-1470\">\n\t\t\t\t\t\t<section class=\"elementor-section elementor-top-section elementor-element elementor-element-e186a80 elementor-section-boxed elementor-section-height-default elementor-section-height-default\" data-id=\"e186a80\" data-element_type=\"section\" data-e-type=\"section\">\n\t\t\t\t\t\t<div class=\"elementor-container elementor-column-gap-default\">\n\t\t\t\t\t<div class=\"elementor-column elementor-col-100 elementor-top-column elementor-element elementor-element-7896523\" data-id=\"7896523\" data-element_type=\"column\" data-e-type=\"column\">\n\t\t\t<div class=\"elementor-widget-wrap elementor-element-populated\">\n\t\t\t\t\t\t<div class=\"elementor-element elementor-element-632917e elementor-widget elementor-widget-heading\" data-id=\"632917e\" data-element_type=\"widget\" data-e-type=\"widget\" data-widget_type=\"heading.default\">\n\t\t\t\t<div class=\"elementor-widget-container\">\n\t\t\t\t\t<h1 class=\"elementor-heading-title elementor-size-default\">Suivez les \u00e9v\u00e9nements et les activit\u00e9s d'une communaut\u00e9 vibrante !<\/h1>\t\t\t\t<\/div>\n\t\t\t\t<\/div>\n\t\t\t\t\t<\/div>\n\t\t<\/div>\n\t\t\t\t\t<\/div>\n\t\t<\/section>\n\t\t\t\t<section class=\"elementor-section elementor-top-section elementor-element elementor-element-f0dd16c elementor-section-boxed elementor-section-height-default elementor-section-height-default\" data-id=\"f0dd16c\" data-element_type=\"section\" data-e-type=\"section\">\n\t\t\t\t\t\t<div class=\"elementor-container elementor-column-gap-default\">\n\t\t\t\t\t<div class=\"elementor-column elementor-col-100 elementor-top-column elementor-element elementor-element-ab1243e\" data-id=\"ab1243e\" data-element_type=\"column\" data-e-type=\"column\">\n\t\t\t<div class=\"elementor-widget-wrap elementor-element-populated\">\n\t\t\t\t\t\t<div class=\"elementor-element elementor-element-ba66065 elementor-widget elementor-widget-html\" data-id=\"ba66065\" data-element_type=\"widget\" data-e-type=\"widget\" data-widget_type=\"html.default\">\n\t\t\t\t<div class=\"elementor-widget-container\">\n\t\t\t\t\t<iframe src=\"https:\/\/calendar.google.com\/calendar\/embed?height=600&wkst=1&ctz=America%2FToronto&showPrint=0&mode=WEEK&showTabs=0&hl=fr_CA&showTz=0&src=aDVvNzgwZXRkcG1zNmUzZjlmNDdkaGpvY2tAZ3JvdXAuY2FsZW5kYXIuZ29vZ2xlLmNvbQ&color=%234285f4\" style=\"border:solid 1px #777\" width=\"800\" height=\"600\" frameborder=\"0\" scrolling=\"no\"><\/iframe>\t\t\t\t<\/div>\n\t\t\t\t<\/div>\n\t\t\t\t\t<\/div>\n\t\t<\/div>\n\t\t\t\t\t<\/div>\n\t\t<\/section>\n\t\t\t\t<section class=\"elementor-section elementor-top-section elementor-element elementor-element-2c2f03e elementor-section-boxed elementor-section-height-default elementor-section-height-default\" data-id=\"2c2f03e\" data-element_type=\"section\" data-e-type=\"section\">\n\t\t\t\t\t\t<div class=\"elementor-container elementor-column-gap-default\">\n\t\t\t\t\t<div class=\"elementor-column elementor-col-50 elementor-top-column elementor-element elementor-element-696b1fc\" data-id=\"696b1fc\" data-element_type=\"column\" data-e-type=\"column\">\n\t\t\t<div class=\"elementor-widget-wrap elementor-element-populated\">\n\t\t\t\t\t\t<div class=\"elementor-element elementor-element-e23f668 elementor-widget elementor-widget-heading\" data-id=\"e23f668\" data-element_type=\"widget\" data-e-type=\"widget\" data-widget_type=\"heading.default\">\n\t\t\t\t<div class=\"elementor-widget-container\">\n\t\t\t\t\t<h2 class=\"elementor-heading-title elementor-size-default\">Voulez-vous partager votre \u00e9v\u00e9nement avec la communaut\u00e9 ?<\/h2>\t\t\t\t<\/div>\n\t\t\t\t<\/div>\n\t\t\t\t<div class=\"elementor-element elementor-element-067f6ac elementor-widget elementor-widget-text-editor\" data-id=\"067f6ac\" data-element_type=\"widget\" data-e-type=\"widget\" data-widget_type=\"text-editor.default\">\n\t\t\t\t<div class=\"elementor-widget-container\">\n\t\t\t\t\t\t\t\t\t<h5>C&#8217;est gratuit !<\/h5><p>Il vous suffit de remplir le formulaire ci-dessous et votre \u00e9v\u00e9nement sera affich\u00e9 sur notre calendrier communautaire.<\/p><p>(apr\u00e8s avoir rempli le formulaire, actualisez la page ou appuyez sur F5 pour voir votre \u00e9v\u00e9nement dans le calendrier)<\/p>\t\t\t\t\t\t\t\t<\/div>\n\t\t\t\t<\/div>\n\t\t\t\t\t<\/div>\n\t\t<\/div>\n\t\t\t\t<div class=\"elementor-column elementor-col-50 elementor-top-column elementor-element elementor-element-d5cd2fd\" data-id=\"d5cd2fd\" data-element_type=\"column\" data-e-type=\"column\">\n\t\t\t<div class=\"elementor-widget-wrap elementor-element-populated\">\n\t\t\t\t\t\t<div class=\"elementor-element elementor-element-29f28ce elementor-widget elementor-widget-html\" data-id=\"29f28ce\" data-element_type=\"widget\" data-e-type=\"widget\" data-widget_type=\"html.default\">\n\t\t\t\t<div class=\"elementor-widget-container\">\n\t\t\t\t\t<iframe class=\"airtable-embed\" src=\"https:\/\/airtable.com\/embed\/app9bUkziZss0UNTL\/pagcqedlOB6E6OoZr\/form\" frameborder=\"0\" onmousewheel=\"\" width=\"100%\" height=\"533\" style=\"background: transparent; border: 1px solid #ccc;\">\n<\/iframe><script>parent.postMessage(\"refreshParent\", \"https:\/\/airtable.com\");<\/script>\t\t\t\t<\/div>\n\t\t\t\t<\/div>\n\t\t\t\t\t<\/div>\n\t\t<\/div>\n\t\t\t\t\t<\/div>\n\t\t<\/section>\n\t\t\t\t<\/div>\n\t\t","protected":false},"excerpt":{"rendered":"<p>Suivez les \u00e9v\u00e9nements et les activit\u00e9s d&#8217;une communaut\u00e9 vibrante ! Voulez-vous partager votre \u00e9v\u00e9nement avec la communaut\u00e9 ? C&#8217;est gratuit<span class=\"more-link\"><a href=\"https:\/\/centrebresilquebec.org\/pt\/evenements\/\">Read More &rarr;<\/a><\/span><\/p>\n","protected":false},"author":1,"featured_media":1499,"parent":0,"menu_order":0,"comment_status":"closed","ping_status":"closed","template":"","meta":{"nf_dc_page":"","footnotes":""},"class_list":["entry","author-admin","post-1470","page","type-page","status-publish","has-post-thumbnail"],"aioseo_notices":[],"jetpack_sharing_enabled":true,"jetpack_shortlink":"https:\/\/wp.me\/Pa59dr-nI","_links":{"self":[{"href":"https:\/\/centrebresilquebec.org\/pt\/wp-json\/wp\/v2\/pages\/1470","targetHints":{"allow":["GET"]}}],"collection":[{"href":"https:\/\/centrebresilquebec.org\/pt\/wp-json\/wp\/v2\/pages"}],"about":[{"href":"https:\/\/centrebresilquebec.org\/pt\/wp-json\/wp\/v2\/types\/page"}],"author":[{"embeddable":true,"href":"https:\/\/centrebresilquebec.org\/pt\/wp-json\/wp\/v2\/users\/1"}],"replies":[{"embeddable":true,"href":"https:\/\/centrebresilquebec.org\/pt\/wp-json\/wp\/v2\/comments?post=1470"}],"version-history":[{"count":51,"href":"https:\/\/centrebresilquebec.org\/pt\/wp-json\/wp\/v2\/pages\/1470\/revisions"}],"predecessor-version":[{"id":1550,"href":"https:\/\/centrebresilquebec.org\/pt\/wp-json\/wp\/v2\/pages\/1470\/revisions\/1550"}],"wp:featuredmedia":[{"embeddable":true,"href":"https:\/\/centrebresilquebec.org\/pt\/wp-json\/wp\/v2\/media\/1499"}],"wp:attachment":[{"href":"https:\/\/centrebresilquebec.org\/pt\/wp-json\/wp\/v2\/media?parent=1470"}],"curies":[{"name":"wp","href":"https:\/\/api.w.org\/{rel}","templated":true}]}}